{"id":630,"date":"2025-12-02T20:22:54","date_gmt":"2025-12-03T01:22:54","guid":{"rendered":"https:\/\/www.trusano.com\/?page_id=630"},"modified":"2025-12-19T18:06:07","modified_gmt":"2025-12-19T23:06:07","slug":"multydrink-sachets","status":"publish","type":"page","link":"https:\/\/www.trusano.com\/","title":{"rendered":"Baba de Caracol Trusano"},"content":{"rendered":"\t\t<div data-elementor-type=\"wp-page\" data-elementor-id=\"630\" class=\"elementor elementor-630\">\n\t\t\t\t<div class=\"elementor-element elementor-element-5ecf3ed e-flex e-con-boxed e-con e-parent\" data-id=\"5ecf3ed\" data-element_type=\"container\">\n\t\t\t\t\t<div class=\"e-con-inner\">\n\t\t\t\t<div class=\"elementor-element elementor-element-226e1a2 elementor-widget elementor-widget-heading\" data-id=\"226e1a2\" data-element_type=\"widget\" data-widget_type=\"heading.default\">\n\t\t\t\t<div class=\"elementor-widget-container\">\n\t\t\t\t\t<h2 class=\"elementor-heading-title elementor-size-default\">Bienvenidos a Trusano, Productos Para Tu Bienestar<\/h2>\t\t\t\t<\/div>\n\t\t\t\t<\/div>\n\t\t\t\t\t<\/div>\n\t\t\t\t<\/div>\n\t\t<div class=\"elementor-element elementor-element-c5e2691 e-con-full e-flex e-con e-parent\" data-id=\"c5e2691\" data-element_type=\"container\">\n\t\t\t\t<div class=\"elementor-element elementor-element-80a4e56 elementor-widget__width-initial elementor-widget elementor-widget-text-editor\" data-id=\"80a4e56\" data-element_type=\"widget\" data-widget_type=\"text-editor.default\">\n\t\t\t\t<div class=\"elementor-widget-container\">\n\t\t\t\t\t\t\t\t\t<h4><strong>Somos Una Tienda Dedicada a Productos de Bienestar, Naturales y de Belleza<\/strong><\/h4>\t\t\t\t\t\t\t\t<\/div>\n\t\t\t\t<\/div>\n\t\t\t\t<\/div>\n\t\t<div class=\"elementor-element elementor-element-54fb75e e-flex e-con-boxed e-con e-parent\" data-id=\"54fb75e\" data-element_type=\"container\">\n\t\t\t\t\t<div class=\"e-con-inner\">\n\t\t<div class=\"elementor-element elementor-element-9a455e1 e-con-full e-flex e-con e-child\" data-id=\"9a455e1\" data-element_type=\"container\">\n\t\t\t\t<div class=\"elementor-element elementor-element-ca6895e elementor-widget elementor-widget-image\" data-id=\"ca6895e\" data-element_type=\"widget\" data-widget_type=\"image.default\">\n\t\t\t\t<div class=\"elementor-widget-container\">\n\t\t\t\t\t\t\t\t\t\t\t\t\t\t\t<img fetchpriority=\"high\" decoding=\"async\" width=\"800\" height=\"1000\" src=\"https:\/\/www.trusano.com\/wp-content\/uploads\/2025\/12\/IMG-20230307-WA0080-819x1024.jpg\" class=\"attachment-large size-large wp-image-644\" alt=\"\" srcset=\"https:\/\/www.trusano.com\/wp-content\/uploads\/2025\/12\/IMG-20230307-WA0080-819x1024.jpg 819w, https:\/\/www.trusano.com\/wp-content\/uploads\/2025\/12\/IMG-20230307-WA0080-240x300.jpg 240w, https:\/\/www.trusano.com\/wp-content\/uploads\/2025\/12\/IMG-20230307-WA0080-768x960.jpg 768w, https:\/\/www.trusano.com\/wp-content\/uploads\/2025\/12\/IMG-20230307-WA0080.jpg 1024w\" sizes=\"(max-width: 800px) 100vw, 800px\" \/>\t\t\t\t\t\t\t\t\t\t\t\t\t\t\t<\/div>\n\t\t\t\t<\/div>\n\t\t\t\t<\/div>\n\t\t<div class=\"elementor-element elementor-element-917bbab e-con-full e-flex e-con e-child\" data-id=\"917bbab\" data-element_type=\"container\">\n\t\t\t\t<div class=\"elementor-element elementor-element-d064ccb elementor-widget elementor-widget-image\" data-id=\"d064ccb\" data-element_type=\"widget\" data-widget_type=\"image.default\">\n\t\t\t\t<div class=\"elementor-widget-container\">\n\t\t\t\t\t\t\t\t\t\t\t\t\t\t\t<img decoding=\"async\" width=\"768\" height=\"1024\" src=\"https:\/\/www.trusano.com\/wp-content\/uploads\/2025\/12\/Baba-1-Ago-18-de-2025-768x1024.jpeg\" class=\"attachment-large size-large wp-image-642\" alt=\"\" srcset=\"https:\/\/www.trusano.com\/wp-content\/uploads\/2025\/12\/Baba-1-Ago-18-de-2025-768x1024.jpeg 768w, https:\/\/www.trusano.com\/wp-content\/uploads\/2025\/12\/Baba-1-Ago-18-de-2025-225x300.jpeg 225w, https:\/\/www.trusano.com\/wp-content\/uploads\/2025\/12\/Baba-1-Ago-18-de-2025.jpeg 960w\" sizes=\"(max-width: 768px) 100vw, 768px\" \/>\t\t\t\t\t\t\t\t\t\t\t\t\t\t\t<\/div>\n\t\t\t\t<\/div>\n\t\t\t\t<\/div>\n\t\t<div class=\"elementor-element elementor-element-f8e8f1e e-con-full e-flex e-con e-child\" data-id=\"f8e8f1e\" data-element_type=\"container\">\n\t\t\t\t<div class=\"elementor-element elementor-element-3e205df elementor-widget elementor-widget-image\" data-id=\"3e205df\" data-element_type=\"widget\" data-widget_type=\"image.default\">\n\t\t\t\t<div class=\"elementor-widget-container\">\n\t\t\t\t\t\t\t\t\t\t\t\t\t\t\t<img decoding=\"async\" width=\"800\" height=\"1000\" src=\"https:\/\/www.trusano.com\/wp-content\/uploads\/2025\/12\/IMG-20230413-WA0117-819x1024.jpg\" class=\"attachment-large size-large wp-image-660\" alt=\"\" srcset=\"https:\/\/www.trusano.com\/wp-content\/uploads\/2025\/12\/IMG-20230413-WA0117-819x1024.jpg 819w, https:\/\/www.trusano.com\/wp-content\/uploads\/2025\/12\/IMG-20230413-WA0117-240x300.jpg 240w, https:\/\/www.trusano.com\/wp-content\/uploads\/2025\/12\/IMG-20230413-WA0117-768x960.jpg 768w, https:\/\/www.trusano.com\/wp-content\/uploads\/2025\/12\/IMG-20230413-WA0117.jpg 1080w\" sizes=\"(max-width: 800px) 100vw, 800px\" \/>\t\t\t\t\t\t\t\t\t\t\t\t\t\t\t<\/div>\n\t\t\t\t<\/div>\n\t\t\t\t<\/div>\n\t\t<div class=\"elementor-element elementor-element-37d9acb e-con-full e-flex e-con e-child\" data-id=\"37d9acb\" data-element_type=\"container\">\n\t\t\t\t<div class=\"elementor-element elementor-element-dfd749d elementor-widget elementor-widget-image\" data-id=\"dfd749d\" data-element_type=\"widget\" data-widget_type=\"image.default\">\n\t\t\t\t<div class=\"elementor-widget-container\">\n\t\t\t\t\t\t\t\t\t\t\t\t\t\t\t<img loading=\"lazy\" decoding=\"async\" width=\"768\" height=\"1024\" src=\"https:\/\/www.trusano.com\/wp-content\/uploads\/2025\/12\/Baba-2-Ago-18-de-2025-2-1-768x1024.jpeg\" class=\"attachment-large size-large wp-image-643\" alt=\"\" srcset=\"https:\/\/www.trusano.com\/wp-content\/uploads\/2025\/12\/Baba-2-Ago-18-de-2025-2-1-768x1024.jpeg 768w, https:\/\/www.trusano.com\/wp-content\/uploads\/2025\/12\/Baba-2-Ago-18-de-2025-2-1-225x300.jpeg 225w, https:\/\/www.trusano.com\/wp-content\/uploads\/2025\/12\/Baba-2-Ago-18-de-2025-2-1.jpeg 960w\" sizes=\"(max-width: 768px) 100vw, 768px\" \/>\t\t\t\t\t\t\t\t\t\t\t\t\t\t\t<\/div>\n\t\t\t\t<\/div>\n\t\t\t\t<\/div>\n\t\t<div class=\"elementor-element elementor-element-5cf9ff2 e-con-full e-flex e-con e-child\" data-id=\"5cf9ff2\" data-element_type=\"container\">\n\t\t\t\t<div class=\"elementor-element elementor-element-99d8e9e elementor-widget elementor-widget-image\" data-id=\"99d8e9e\" data-element_type=\"widget\" data-widget_type=\"image.default\">\n\t\t\t\t<div class=\"elementor-widget-container\">\n\t\t\t\t\t\t\t\t\t\t\t\t\t\t\t<img loading=\"lazy\" decoding=\"async\" width=\"768\" height=\"1024\" src=\"https:\/\/www.trusano.com\/wp-content\/uploads\/2025\/12\/Baba-2-Ago-18-de-2025-2-768x1024.jpeg\" class=\"attachment-large size-large wp-image-641\" alt=\"\" srcset=\"https:\/\/www.trusano.com\/wp-content\/uploads\/2025\/12\/Baba-2-Ago-18-de-2025-2-768x1024.jpeg 768w, https:\/\/www.trusano.com\/wp-content\/uploads\/2025\/12\/Baba-2-Ago-18-de-2025-2-225x300.jpeg 225w, https:\/\/www.trusano.com\/wp-content\/uploads\/2025\/12\/Baba-2-Ago-18-de-2025-2.jpeg 960w\" sizes=\"(max-width: 768px) 100vw, 768px\" \/>\t\t\t\t\t\t\t\t\t\t\t\t\t\t\t<\/div>\n\t\t\t\t<\/div>\n\t\t\t\t<\/div>\n\t\t<div class=\"elementor-element elementor-element-6b0c080 e-con-full e-flex e-con e-child\" data-id=\"6b0c080\" data-element_type=\"container\">\n\t\t\t\t<div class=\"elementor-element elementor-element-cd931b7 elementor-widget elementor-widget-image\" data-id=\"cd931b7\" data-element_type=\"widget\" data-widget_type=\"image.default\">\n\t\t\t\t<div class=\"elementor-widget-container\">\n\t\t\t\t\t\t\t\t\t\t\t\t\t\t\t<img loading=\"lazy\" decoding=\"async\" width=\"800\" height=\"1000\" src=\"https:\/\/www.trusano.com\/wp-content\/uploads\/2025\/12\/IMG-20230413-WA0116-819x1024.jpg\" class=\"attachment-large size-large wp-image-658\" alt=\"\" srcset=\"https:\/\/www.trusano.com\/wp-content\/uploads\/2025\/12\/IMG-20230413-WA0116-819x1024.jpg 819w, https:\/\/www.trusano.com\/wp-content\/uploads\/2025\/12\/IMG-20230413-WA0116-240x300.jpg 240w, https:\/\/www.trusano.com\/wp-content\/uploads\/2025\/12\/IMG-20230413-WA0116-768x960.jpg 768w, https:\/\/www.trusano.com\/wp-content\/uploads\/2025\/12\/IMG-20230413-WA0116.jpg 1080w\" sizes=\"(max-width: 800px) 100vw, 800px\" \/>\t\t\t\t\t\t\t\t\t\t\t\t\t\t\t<\/div>\n\t\t\t\t<\/div>\n\t\t\t\t<\/div>\n\t\t\t\t\t<\/div>\n\t\t\t\t<\/div>\n\t\t<div class=\"elementor-element elementor-element-b773519 e-flex e-con-boxed e-con e-parent\" data-id=\"b773519\" data-element_type=\"container\">\n\t\t\t\t\t<div class=\"e-con-inner\">\n\t\t\t\t<div class=\"elementor-element elementor-element-1e0a532 elementor-widget elementor-widget-button\" data-id=\"1e0a532\" data-element_type=\"widget\" data-widget_type=\"button.default\">\n\t\t\t\t<div class=\"elementor-widget-container\">\n\t\t\t\t\t\t\t\t\t<div class=\"elementor-button-wrapper\">\n\t\t\t\t\t<a class=\"elementor-button elementor-button-link elementor-size-sm\" href=\"https:\/\/wa.me\/573206784735?text=Hola,+quiero+comprar+la+baba+de+caracol+trusano\">\n\t\t\t\t\t\t<span class=\"elementor-button-content-wrapper\">\n\t\t\t\t\t\t\t\t\t<span class=\"elementor-button-text\">Quiero Comprar <\/span>\n\t\t\t\t\t<\/span>\n\t\t\t\t\t<\/a>\n\t\t\t\t<\/div>\n\t\t\t\t\t\t\t\t<\/div>\n\t\t\t\t<\/div>\n\t\t\t\t\t<\/div>\n\t\t\t\t<\/div>\n\t\t<div class=\"elementor-element elementor-element-d7c0aed e-flex e-con-boxed e-con e-parent\" data-id=\"d7c0aed\" data-element_type=\"container\">\n\t\t\t\t\t<div class=\"e-con-inner\">\n\t\t<div class=\"elementor-element elementor-element-c14c733 e-con-full e-flex e-con e-child\" data-id=\"c14c733\" data-element_type=\"container\">\n\t\t\t\t<div class=\"elementor-element elementor-element-3a3183e elementor-widget elementor-widget-image\" data-id=\"3a3183e\" data-element_type=\"widget\" data-widget_type=\"image.default\">\n\t\t\t\t<div class=\"elementor-widget-container\">\n\t\t\t\t\t\t\t\t\t\t\t\t\t\t\t<img loading=\"lazy\" decoding=\"async\" width=\"800\" height=\"800\" src=\"https:\/\/www.trusano.com\/wp-content\/uploads\/2025\/12\/1-1024x1024.jpeg\" class=\"attachment-large size-large wp-image-727\" alt=\"\" srcset=\"https:\/\/www.trusano.com\/wp-content\/uploads\/2025\/12\/1-1024x1024.jpeg 1024w, https:\/\/www.trusano.com\/wp-content\/uploads\/2025\/12\/1-300x300.jpeg 300w, https:\/\/www.trusano.com\/wp-content\/uploads\/2025\/12\/1-150x150.jpeg 150w, https:\/\/www.trusano.com\/wp-content\/uploads\/2025\/12\/1-768x768.jpeg 768w, https:\/\/www.trusano.com\/wp-content\/uploads\/2025\/12\/1.jpeg 1080w\" sizes=\"(max-width: 800px) 100vw, 800px\" \/>\t\t\t\t\t\t\t\t\t\t\t\t\t\t\t<\/div>\n\t\t\t\t<\/div>\n\t\t\t\t<\/div>\n\t\t<div class=\"elementor-element elementor-element-1daf6a1 e-con-full e-flex e-con e-child\" data-id=\"1daf6a1\" data-element_type=\"container\">\n\t\t\t\t<div class=\"elementor-element elementor-element-56bb864 elementor-widget elementor-widget-heading\" data-id=\"56bb864\" data-element_type=\"widget\" data-widget_type=\"heading.default\">\n\t\t\t\t<div class=\"elementor-widget-container\">\n\t\t\t\t\t<h2 class=\"elementor-heading-title elementor-size-default\"><b>      Baba de Caracol Trusano<\/b><br><br>La Baba de Caracol Trusano tiene la m\u00e1s alta concentraci\u00f3n en Baba del mercado: 95%!\ud83d\ude09. Es apta para todo tipo de piel. <br><br>Est\u00e1 indicada para:\n\nManchas, \nL\u00edneas de Expresi\u00f3n y Arrugas, \nEstr\u00edas, \nCicatrices, \nQuemaduras en piel, \nAcn\u00e9, y Huellas del Acn\u00e9, Barros, Espinillas, \nQuemaduras por el sol, \nCa\u00edda del Cabello... Y m\u00e1s!\n\nAdem\u00e1s es un producto totalmente natural, 100%. Entonces No aplicar\u00e1s ning\u00fan qu\u00edmico en tu piel.<\/h2>\t\t\t\t<\/div>\n\t\t\t\t<\/div>\n\t\t\t\t<\/div>\n\t\t\t\t\t<\/div>\n\t\t\t\t<\/div>\n\t\t<div class=\"elementor-element elementor-element-db20764 e-flex e-con-boxed e-con e-parent\" data-id=\"db20764\" data-element_type=\"container\">\n\t\t\t\t\t<div class=\"e-con-inner\">\n\t\t\t\t<div class=\"elementor-element elementor-element-4654609 elementor-widget elementor-widget-button\" data-id=\"4654609\" data-element_type=\"widget\" data-widget_type=\"button.default\">\n\t\t\t\t<div class=\"elementor-widget-container\">\n\t\t\t\t\t\t\t\t\t<div class=\"elementor-button-wrapper\">\n\t\t\t\t\t<a class=\"elementor-button elementor-button-link elementor-size-sm\" href=\"https:\/\/wa.me\/573206784735?text=Hola,+quiero+m\u00e1s+informaci\u00f3n+del+producto\">\n\t\t\t\t\t\t<span class=\"elementor-button-content-wrapper\">\n\t\t\t\t\t\t\t\t\t<span class=\"elementor-button-text\">Quiero M\u00e1s Informaci\u00f3n<\/span>\n\t\t\t\t\t<\/span>\n\t\t\t\t\t<\/a>\n\t\t\t\t<\/div>\n\t\t\t\t\t\t\t\t<\/div>\n\t\t\t\t<\/div>\n\t\t\t\t\t<\/div>\n\t\t\t\t<\/div>\n\t\t<div class=\"elementor-element elementor-element-815a677 e-flex e-con-boxed e-con e-parent\" data-id=\"815a677\" data-element_type=\"container\">\n\t\t\t\t\t<div class=\"e-con-inner\">\n\t\t\t\t<div class=\"elementor-element elementor-element-3be568d elementor-widget elementor-widget-text-editor\" data-id=\"3be568d\" data-element_type=\"widget\" data-widget_type=\"text-editor.default\">\n\t\t\t\t<div class=\"elementor-widget-container\">\n\t\t\t\t\t\t\t\t\t<p>La Baba de Caracol Trusano Tiene: Col\u00e1geno, Elastina, Acido Hialur\u00f3nico, entre otros, que son los principales componentes de la piel; por lo tanto la va a mantener Joven, Hidratada, Tersa, Iluminada. Por eso puede difuninar las manchas, atenuar las arrugas, y si hay lineas de expresi\u00f3n, las va a minimizar. Igualmente en el Acne va a colocar la piel como una porcelana!<\/p>\t\t\t\t\t\t\t\t<\/div>\n\t\t\t\t<\/div>\n\t\t\t\t\t<\/div>\n\t\t\t\t<\/div>\n\t\t<div class=\"elementor-element elementor-element-3f34a98 e-flex e-con-boxed e-con e-parent\" data-id=\"3f34a98\" data-element_type=\"container\">\n\t\t\t\t\t<div class=\"e-con-inner\">\n\t\t\t\t<div class=\"elementor-element elementor-element-4404891 elementor-widget elementor-widget-heading\" data-id=\"4404891\" data-element_type=\"widget\" data-widget_type=\"heading.default\">\n\t\t\t\t<div class=\"elementor-widget-container\">\n\t\t\t\t\t<h2 class=\"elementor-heading-title elementor-size-default\">Jab\u00f3n Artesanal de Baba  de Caracol<\/h2>\t\t\t\t<\/div>\n\t\t\t\t<\/div>\n\t\t\t\t\t<\/div>\n\t\t\t\t<\/div>\n\t\t<div class=\"elementor-element elementor-element-3b97fb1 e-flex e-con-boxed e-con e-parent\" data-id=\"3b97fb1\" data-element_type=\"container\">\n\t\t\t\t\t<div class=\"e-con-inner\">\n\t\t\t\t<div class=\"elementor-element elementor-element-a85913d elementor-widget elementor-widget-text-editor\" data-id=\"a85913d\" data-element_type=\"widget\" data-widget_type=\"text-editor.default\">\n\t\t\t\t<div class=\"elementor-widget-container\">\n\t\t\t\t\t\t\t\t\t<p><strong>JAB\u00d3N REGENERADOR CON BABA DE CARACOL 95% Y EXTRACTOS BOT\u00c1NICOS ORG\u00c1NICOS<\/strong><\/p><p>Este jab\u00f3n artesanal combina el poder regenerador de la baba de caracol con extractos de plantas medicinales que nutren, suavizan y equilibran la piel de forma natural. Cada ingrediente ha sido elegido por su acci\u00f3n terap\u00e9utica, f\u00edsica y energ\u00e9tica.<\/p><p>\ud83c\udf3f<strong> Ingredientes activos y sus beneficios<\/strong><\/p><p>\ud83d\udc0c <strong>Baba de Caracol<\/strong> (Helix aspersa)<br \/>Altamente regeneradora y reafirmante.<br \/>Contiene alanto\u00edna, col\u00e1geno, elastina, \u00e1cido glic\u00f3lico y vitaminas A, C y E , que estimulan la renovaci\u00f3n celular, mejoran la textura de la piel y reducen manchas, cicatrices, acn\u00e9 y arrugas. Ideal para pieles maduras o con da\u00f1o solar.<\/p><p>\ud83c\udf38 <strong>Geranio<\/strong> (Pelargonium graveolens)<br \/>Equilibra la producci\u00f3n de grasa y tonifica la piel.<br \/>Su aroma floral armoniza las emociones y eleva la energ\u00eda del coraz\u00f3n. Ayuda a cerrar poros dilatados y aporta un brillo saludable. Reduce l\u00edneas de expresi\u00f3n.<\/p><p>\ud83c\udf3f <strong>Hamamelis<\/strong> (Hamamelis virginiana)<br \/>Conocido por sus propiedades astringentes y antiinflamatorias.<br \/>Calma irritaciones, reduce rojeces y mejora la circulaci\u00f3n capilar del rostro. Perfecto para pieles sensibles o con tendencia a ros\u00e1cea. Purifica sin resecar y deja una sensaci\u00f3n fresca y tonificante.<\/p><p>\ud83c\udf3a <strong>Rosa Mosqueta<\/strong> (Rosa rubiginosa)<br \/>Rica en \u00e1cidos grasos esenciales y vitamina A natural , estimula la regeneraci\u00f3n de tejidos y favorece la elasticidad de la piel.<br \/>Reduce las l\u00edneas de expresi\u00f3n y promueve una apariencia luminosa y uniforme. Es considerada la flor de la renovaci\u00f3n y la ternura .<\/p><p>\ud83c\udf35<strong>Aloe Vera<\/strong> (Aloe barbadensis)<br \/>Hidratante y calmante por excelencia.<br \/>Regenera las capas profundas de la piel, alivia quemaduras y rojecimientos, y favorece la cicatrizaci\u00f3n.<br \/>Su energ\u00eda refrescante limpia las emociones acumuladas y restaura la vitalidad.<\/p><p>\ud83c\udf3b<strong>Vitamina E<\/strong> (Tocoferol)<br \/>Antioxidante natural que protege las c\u00e9lulas frente al envejecimiento prematuro.<br \/>Aporta luminosidad, suaviza la piel y mejora la absorci\u00f3n de los dem\u00e1s ingredientes activos.<\/p><p>\ud83d\udca7<strong> Beneficios generales<\/strong><br \/>Regenera y nutre profundamente la piel.<\/p><p>Ayuda a reducir manchas, cicatrices y arrugas.<\/p><p>Hidrataci\u00f3n sin obstruir los poros.<\/p><p>Suaviza, tonifica y devuelve elasticidad.<\/p><p>Calma irritaciones y rojecimientos.<\/p><p>Favorece una piel m\u00e1s firme, fresca y radiante.<\/p><p>\ud83c\udf38 <strong>Modo de uso<\/strong><br \/>Humedece rostro y cuerpo, aplica el jab\u00f3n con movimientos circulares suaves hasta formar espuma.<br \/>D\u00e9jalo actuar unos segundos para que los principios activos penetren en la piel y enjuaga con agua.<br \/>Usa ma\u00f1ana y noche para potenciar sus efectos. Luego aplica nuestra baba de Caracol Trusano, para mejorar sus beneficios.<\/p><p>\u2728 Hecho a mano con amor, plantas vivas y f\u00f3rmulas bot\u00e1nicas conscientes.<\/p><p><strong>100% org\u00e1nico \u2013 Libre de parabenos, sulfatos y fragancias sint\u00e9ticas.<\/strong><\/p>\t\t\t\t\t\t\t\t<\/div>\n\t\t\t\t<\/div>\n\t\t\t\t\t<\/div>\n\t\t\t\t<\/div>\n\t\t<div class=\"elementor-element elementor-element-1489909 e-flex e-con-boxed e-con e-parent\" data-id=\"1489909\" data-element_type=\"container\">\n\t\t\t\t\t<div class=\"e-con-inner\">\n\t\t\t\t<div class=\"elementor-element elementor-element-f8db659 elementor-widget elementor-widget-image\" data-id=\"f8db659\" data-element_type=\"widget\" data-widget_type=\"image.default\">\n\t\t\t\t<div class=\"elementor-widget-container\">\n\t\t\t\t\t\t\t\t\t\t\t\t\t\t\t<img loading=\"lazy\" decoding=\"async\" width=\"518\" height=\"821\" src=\"https:\/\/www.trusano.com\/wp-content\/uploads\/2025\/12\/3.jpeg\" class=\"attachment-large size-large wp-image-760\" alt=\"\" srcset=\"https:\/\/www.trusano.com\/wp-content\/uploads\/2025\/12\/3.jpeg 518w, https:\/\/www.trusano.com\/wp-content\/uploads\/2025\/12\/3-189x300.jpeg 189w\" sizes=\"(max-width: 518px) 100vw, 518px\" \/>\t\t\t\t\t\t\t\t\t\t\t\t\t\t\t<\/div>\n\t\t\t\t<\/div>\n\t\t\t\t\t<\/div>\n\t\t\t\t<\/div>\n\t\t<div class=\"elementor-element elementor-element-195f390 e-flex e-con-boxed e-con e-parent\" data-id=\"195f390\" data-element_type=\"container\">\n\t\t\t\t\t<div class=\"e-con-inner\">\n\t\t\t\t<div class=\"elementor-element elementor-element-1427a28 elementor-widget elementor-widget-button\" data-id=\"1427a28\" data-element_type=\"widget\" data-widget_type=\"button.default\">\n\t\t\t\t<div class=\"elementor-widget-container\">\n\t\t\t\t\t\t\t\t\t<div class=\"elementor-button-wrapper\">\n\t\t\t\t\t<a class=\"elementor-button elementor-button-link elementor-size-sm\" href=\"https:\/\/wa.me\/573206784735?text=Hola,+quiero+m\u00e1s+informaci\u00f3n+del+jabon\">\n\t\t\t\t\t\t<span class=\"elementor-button-content-wrapper\">\n\t\t\t\t\t\t\t\t\t<span class=\"elementor-button-text\">Quiero El Jab\u00f3n<\/span>\n\t\t\t\t\t<\/span>\n\t\t\t\t\t<\/a>\n\t\t\t\t<\/div>\n\t\t\t\t\t\t\t\t<\/div>\n\t\t\t\t<\/div>\n\t\t\t\t\t<\/div>\n\t\t\t\t<\/div>\n\t\t\t\t<\/div>\n\t\t","protected":false},"excerpt":{"rendered":"<p>Bienvenidos a Trusano, Productos Para Tu Bienestar Somos Una Tienda Dedicada a Productos de Bienestar, Naturales y de Belleza Quiero Comprar Baba de Caracol Trusano La Baba de Caracol Trusano tiene la m\u00e1s alta concentraci\u00f3n en Baba del mercado: 95%!\ud83d\ude09. Es apta para todo tipo de piel. Est\u00e1 indicada para: Manchas, L\u00edneas de Expresi\u00f3n y [&hellip;]<\/p>\n","protected":false},"author":3,"featured_media":0,"parent":0,"menu_order":0,"comment_status":"closed","ping_status":"closed","template":"elementor_header_footer","meta":{"om_disable_all_campaigns":false,"_monsterinsights_skip_tracking":false,"_monsterinsights_sitenote_active":false,"_monsterinsights_sitenote_note":"","_monsterinsights_sitenote_category":0,"_uf_show_specific_survey":0,"_uf_disable_surveys":false,"_joinchat":{"telephone":"+573206784735","message_send":"Hola, me das m\u00e1s informaci\u00f3n de La Baba de Caracol Trusano. Lo encontr\u00e9 en https:\/\/www.trusano.com\/"},"footnotes":""},"class_list":["post-630","page","type-page","status-publish","hentry"],"_links":{"self":[{"href":"https:\/\/www.trusano.com\/index.php?rest_route=\/wp\/v2\/pages\/630","targetHints":{"allow":["GET"]}}],"collection":[{"href":"https:\/\/www.trusano.com\/index.php?rest_route=\/wp\/v2\/pages"}],"about":[{"href":"https:\/\/www.trusano.com\/index.php?rest_route=\/wp\/v2\/types\/page"}],"author":[{"embeddable":true,"href":"https:\/\/www.trusano.com\/index.php?rest_route=\/wp\/v2\/users\/3"}],"replies":[{"embeddable":true,"href":"https:\/\/www.trusano.com\/index.php?rest_route=%2Fwp%2Fv2%2Fcomments&post=630"}],"version-history":[{"count":118,"href":"https:\/\/www.trusano.com\/index.php?rest_route=\/wp\/v2\/pages\/630\/revisions"}],"predecessor-version":[{"id":1022,"href":"https:\/\/www.trusano.com\/index.php?rest_route=\/wp\/v2\/pages\/630\/revisions\/1022"}],"wp:attachment":[{"href":"https:\/\/www.trusano.com\/index.php?rest_route=%2Fwp%2Fv2%2Fmedia&parent=630"}],"curies":[{"name":"wp","href":"https:\/\/api.w.org\/{rel}","templated":true}]}}